{"id":262,"date":"2020-10-05T03:55:18","date_gmt":"2020-10-05T03:55:18","guid":{"rendered":"http:\/\/marmorealsoledade.com.br\/?page_id=262"},"modified":"2023-02-26T12:47:24","modified_gmt":"2023-02-26T12:47:24","slug":"quem-somos","status":"publish","type":"page","link":"https:\/\/marmorealsoledade.com.br\/?page_id=262","title":{"rendered":"Quem Somos"},"content":{"rendered":"\t\t<div data-elementor-type=\"wp-page\" data-elementor-id=\"262\" class=\"elementor elementor-262\" data-elementor-settings=\"[]\">\n\t\t\t\t\t\t<div class=\"elementor-inner\">\n\t\t\t\t\t\t\t<div class=\"elementor-section-wrap\">\n\t\t\t\t\t\t\t<section class=\"elementor-section elementor-top-section elementor-element elementor-element-2533afa9 elementor-section-boxed elementor-section-height-default elementor-section-height-default\" data-id=\"2533afa9\" data-element_type=\"section\">\n\t\t\t\t\t\t\t<div class=\"elementor-background-overlay\"><\/div>\n\t\t\t\t\t\t\t<div class=\"elementor-container elementor-column-gap-default\">\n\t\t\t\t\t\t\t<div class=\"elementor-row\">\n\t\t\t\t\t<div class=\"elementor-column elementor-col-100 elementor-top-column elementor-element elementor-element-70491039\" data-id=\"70491039\" data-element_type=\"column\">\n\t\t\t<div class=\"elementor-column-wrap elementor-element-populated\">\n\t\t\t\t\t\t\t<div class=\"elementor-widget-wrap\">\n\t\t\t\t\t\t<section class=\"elementor-section elementor-inner-section elementor-element elementor-element-c0c14e2 elementor-section-boxed elementor-section-height-default elementor-section-height-default\" data-id=\"c0c14e2\" data-element_type=\"section\">\n\t\t\t\t\t\t<div class=\"elementor-container elementor-column-gap-default\">\n\t\t\t\t\t\t\t<div class=\"elementor-row\">\n\t\t\t\t\t<div class=\"elementor-column elementor-col-100 elementor-inner-column elementor-element elementor-element-932e3f1\" data-id=\"932e3f1\" data-element_type=\"column\">\n\t\t\t<div class=\"elementor-column-wrap elementor-element-populated\">\n\t\t\t\t\t\t\t<div class=\"elementor-widget-wrap\">\n\t\t\t\t\t\t<div class=\"elementor-element elementor-element-b2936ff elementor-widget elementor-widget-heading\" data-id=\"b2936ff\" data-element_type=\"widget\" data-widget_type=\"heading.default\">\n\t\t\t\t<div class=\"elementor-widget-container\">\n\t\t\t<h2 class=\"elementor-heading-title elementor-size-default\">Quem Somos<\/h2>\t\t<\/div>\n\t\t\t\t<\/div>\n\t\t\t\t\t\t<\/div>\n\t\t\t\t\t<\/div>\n\t\t<\/div>\n\t\t\t\t\t\t\t\t<\/div>\n\t\t\t\t\t<\/div>\n\t\t<\/section>\n\t\t\t\t<section class=\"elementor-section elementor-inner-section elementor-element elementor-element-eb7247d elementor-section-boxed elementor-section-height-default elementor-section-height-default\" data-id=\"eb7247d\" data-element_type=\"section\">\n\t\t\t\t\t\t<div class=\"elementor-container elementor-column-gap-default\">\n\t\t\t\t\t\t\t<div class=\"elementor-row\">\n\t\t\t\t\t<div class=\"elementor-column elementor-col-100 elementor-inner-column elementor-element elementor-element-cc44714\" data-id=\"cc44714\" data-element_type=\"column\">\n\t\t\t<div class=\"elementor-column-wrap\">\n\t\t\t\t\t\t\t<div class=\"elementor-widget-wrap\">\n\t\t\t\t\t\t\t\t<\/div>\n\t\t\t\t\t<\/div>\n\t\t<\/div>\n\t\t\t\t\t\t\t\t<\/div>\n\t\t\t\t\t<\/div>\n\t\t<\/section>\n\t\t\t\t\t\t<\/div>\n\t\t\t\t\t<\/div>\n\t\t<\/div>\n\t\t\t\t\t\t\t\t<\/div>\n\t\t\t\t\t<\/div>\n\t\t<\/section>\n\t\t\t\t<section class=\"elementor-section elementor-top-section elementor-element elementor-element-1b53be6f elementor-section-full_width elementor-section-height-default elementor-section-height-default\" data-id=\"1b53be6f\" data-element_type=\"section\" id=\"about\">\n\t\t\t\t\t\t<div class=\"elementor-container elementor-column-gap-no\">\n\t\t\t\t\t\t\t<div class=\"elementor-row\">\n\t\t\t\t\t<div class=\"elementor-column elementor-col-100 elementor-top-column elementor-element elementor-element-4f5003d5\" data-id=\"4f5003d5\" data-element_type=\"column\">\n\t\t\t<div class=\"elementor-column-wrap elementor-element-populated\">\n\t\t\t\t\t\t\t<div class=\"elementor-widget-wrap\">\n\t\t\t\t\t\t<div class=\"elementor-element elementor-element-189cd839 elementor-widget elementor-widget-heading\" data-id=\"189cd839\" data-element_type=\"widget\" data-widget_type=\"heading.default\">\n\t\t\t\t<div class=\"elementor-widget-container\">\n\t\t\t<h1 class=\"elementor-heading-title elementor-size-large\">MARMOREAL<\/h1>\t\t<\/div>\n\t\t\t\t<\/div>\n\t\t\t\t<div class=\"elementor-element elementor-element-42b9b4d5 elementor-widget elementor-widget-heading\" data-id=\"42b9b4d5\" data-element_type=\"widget\" data-widget_type=\"heading.default\">\n\t\t\t\t<div class=\"elementor-widget-container\">\n\t\t\t<h2 class=\"elementor-heading-title elementor-size-default\">NOSSA HIST\u00d3RIA<\/h2>\t\t<\/div>\n\t\t\t\t<\/div>\n\t\t\t\t<div class=\"elementor-element elementor-element-7b6c3fa1 elementor-widget elementor-widget-text-editor\" data-id=\"7b6c3fa1\" data-element_type=\"widget\" data-widget_type=\"text-editor.default\">\n\t\t\t\t<div class=\"elementor-widget-container\">\n\t\t\t\t\t<div class=\"elementor-text-editor elementor-clearfix\"><p>&nbsp; &nbsp; &nbsp; &nbsp; &nbsp; A MARMOREAL M\u00e1rmores e Granitos iniciou suas atividades em 1999, na cidade de Soledade\/RS, atrav\u00e9s dos esfor\u00e7os de seus dois s\u00f3cios, os quais iniciaram a empresa com apenas um funcion\u00e1rio e pouco maquin\u00e1rio, apenas o necess\u00e1rio para a produ\u00e7\u00e3o em pequena escala.<\/p>\n<p>&nbsp; &nbsp; &nbsp; &nbsp; &nbsp; Com o passar dos meses esta empresa familiar, que leva o nome das fam\u00edlias Corbellini e Lamaison, foi crescendo, tornando-se conhecida e bem conceituada em toda a regi\u00e3o norte do estado, bem como na capital e regi\u00e3o metropolitana, onde j\u00e1 realizou in\u00fameros trabalhos.<\/p>\n<p>&nbsp; &nbsp; &nbsp; &nbsp; &nbsp; A Marmoreal opera atualmente com um quadro funcional especializado e competente, combinado com equipamentos e produtos que permitem a realiza\u00e7\u00e3o dos mais diversos tipos de trabalhos com m\u00e1rmores, granitos, quartzos, ultracompact, primes, etc.<\/p>\n<p>&nbsp; &nbsp; &nbsp; &nbsp; &nbsp; &nbsp; A Empresa est\u00e1 no mercado h\u00e1 mais de vinte anos, executando trabalhos e projetos com comprometimento e dedica\u00e7\u00e3o, buscando um aperfei\u00e7oamento cont\u00ednuo e a plena satisfa\u00e7\u00e3o de seus clientes, colaboradores e parceiros.<\/p><\/div>\n\t\t\t\t<\/div>\n\t\t\t\t<\/div>\n\t\t\t\t<div class=\"elementor-element elementor-element-47ee9884 elementor-widget elementor-widget-text-editor\" data-id=\"47ee9884\" data-element_type=\"widget\" data-widget_type=\"text-editor.default\">\n\t\t\t\t<div class=\"elementor-widget-container\">\n\t\t\t\t\t<div class=\"elementor-text-editor elementor-clearfix\"><p style=\"text-align: left;\">Mais de 20 anos executando trabalhos e projetos, buscando um aperfei\u00e7oamento cont\u00ednuo.<\/p><\/div>\n\t\t\t\t<\/div>\n\t\t\t\t<\/div>\n\t\t\t\t\t\t<\/div>\n\t\t\t\t\t<\/div>\n\t\t<\/div>\n\t\t\t\t\t\t\t\t<\/div>\n\t\t\t\t\t<\/div>\n\t\t<\/section>\n\t\t\t\t<section class=\"elementor-section elementor-top-section elementor-element elementor-element-595930b1 elementor-section-full_width elementor-section-height-default elementor-section-height-default\" data-id=\"595930b1\" data-element_type=\"section\" data-settings=\"{&quot;background_background&quot;:&quot;classic&quot;}\">\n\t\t\t\t\t\t\t<div class=\"elementor-background-overlay\"><\/div>\n\t\t\t\t\t\t\t<div class=\"elementor-container elementor-column-gap-no\">\n\t\t\t\t\t\t\t<div class=\"elementor-row\">\n\t\t\t\t\t<div class=\"elementor-column elementor-col-100 elementor-top-column elementor-element elementor-element-3c9d8acd\" data-id=\"3c9d8acd\" data-element_type=\"column\">\n\t\t\t<div class=\"elementor-column-wrap elementor-element-populated\">\n\t\t\t\t\t\t\t<div class=\"elementor-widget-wrap\">\n\t\t\t\t\t\t<section class=\"elementor-section elementor-inner-section elementor-element elementor-element-2922a562 elementor-section-boxed elementor-section-height-default elementor-section-height-default\" data-id=\"2922a562\" data-element_type=\"section\">\n\t\t\t\t\t\t<div class=\"elementor-container elementor-column-gap-default\">\n\t\t\t\t\t\t\t<div class=\"elementor-row\">\n\t\t\t\t\t<div class=\"elementor-column elementor-col-50 elementor-inner-column elementor-element elementor-element-32f20cc3\" data-id=\"32f20cc3\" data-element_type=\"column\">\n\t\t\t<div class=\"elementor-column-wrap elementor-element-populated\">\n\t\t\t\t\t\t\t<div class=\"elementor-widget-wrap\">\n\t\t\t\t\t\t<div class=\"elementor-element elementor-element-5c511c42 elementor-position-top elementor-vertical-align-top elementor-widget elementor-widget-image-box\" data-id=\"5c511c42\" data-element_type=\"widget\" data-widget_type=\"image-box.default\">\n\t\t\t\t<div class=\"elementor-widget-container\">\n\t\t\t<div class=\"elementor-image-box-wrapper\"><figure class=\"elementor-image-box-img\"><img src=\"https:\/\/marmorealsoledade.com.br\/wp-content\/uploads\/2020\/10\/target.png\" title=\"target\" alt=\"target\" \/><\/figure><div class=\"elementor-image-box-content\"><div class=\"elementor-image-box-title\">MISS\u00c3O<\/div><\/div><\/div>\t\t<\/div>\n\t\t\t\t<\/div>\n\t\t\t\t<div class=\"elementor-element elementor-element-3d98638e elementor-widget-divider--view-line elementor-widget elementor-widget-divider\" data-id=\"3d98638e\" data-element_type=\"widget\" data-widget_type=\"divider.default\">\n\t\t\t\t<div class=\"elementor-widget-container\">\n\t\t\t\t\t<div class=\"elementor-divider\">\n\t\t\t<span class=\"elementor-divider-separator\">\n\t\t\t\t\t\t<\/span>\n\t\t<\/div>\n\t\t\t\t<\/div>\n\t\t\t\t<\/div>\n\t\t\t\t<div class=\"elementor-element elementor-element-5f44c544 elementor-widget elementor-widget-text-editor\" data-id=\"5f44c544\" data-element_type=\"widget\" data-widget_type=\"text-editor.default\">\n\t\t\t\t<div class=\"elementor-widget-container\">\n\t\t\t\t\t<div class=\"elementor-text-editor elementor-clearfix\"><p>Nossa miss\u00e3o \u00e9 desenvolver um trabalho de excel\u00eancia visando a total satisfa\u00e7\u00e3o dos clientes, colaboradores e parceiros.<\/p><p>Contribuir para a realiza\u00e7\u00e3o dos sonhos e projetos das fam\u00edlias.<\/p><p>Favorecer a comunidade onde atua com a gera\u00e7\u00e3o de empregos, renda e forma\u00e7\u00e3o de profissionais, atrav\u00e9s do trabalho \u00edntegro e respons\u00e1vel.<\/p><\/div>\n\t\t\t\t<\/div>\n\t\t\t\t<\/div>\n\t\t\t\t\t\t<\/div>\n\t\t\t\t\t<\/div>\n\t\t<\/div>\n\t\t\t\t<div class=\"elementor-column elementor-col-50 elementor-inner-column elementor-element elementor-element-4ed021e6\" data-id=\"4ed021e6\" data-element_type=\"column\">\n\t\t\t<div class=\"elementor-column-wrap elementor-element-populated\">\n\t\t\t\t\t\t\t<div class=\"elementor-widget-wrap\">\n\t\t\t\t\t\t<div class=\"elementor-element elementor-element-31149890 elementor-position-top elementor-vertical-align-top elementor-widget elementor-widget-image-box\" data-id=\"31149890\" data-element_type=\"widget\" data-widget_type=\"image-box.default\">\n\t\t\t\t<div class=\"elementor-widget-container\">\n\t\t\t<div class=\"elementor-image-box-wrapper\"><figure class=\"elementor-image-box-img\"><img src=\"https:\/\/marmorealsoledade.com.br\/wp-content\/uploads\/2020\/10\/heart.png\" title=\"heart\" alt=\"heart\" \/><\/figure><div class=\"elementor-image-box-content\"><div class=\"elementor-image-box-title\">VALORES<\/div><\/div><\/div>\t\t<\/div>\n\t\t\t\t<\/div>\n\t\t\t\t<div class=\"elementor-element elementor-element-3334cf46 elementor-widget-divider--view-line elementor-widget elementor-widget-divider\" data-id=\"3334cf46\" data-element_type=\"widget\" data-widget_type=\"divider.default\">\n\t\t\t\t<div class=\"elementor-widget-container\">\n\t\t\t\t\t<div class=\"elementor-divider\">\n\t\t\t<span class=\"elementor-divider-separator\">\n\t\t\t\t\t\t<\/span>\n\t\t<\/div>\n\t\t\t\t<\/div>\n\t\t\t\t<\/div>\n\t\t\t\t<div class=\"elementor-element elementor-element-5581009d elementor-icon-list--layout-traditional elementor-list-item-link-full_width elementor-widget elementor-widget-icon-list\" data-id=\"5581009d\" data-element_type=\"widget\" data-widget_type=\"icon-list.default\">\n\t\t\t\t<div class=\"elementor-widget-container\">\n\t\t\t\t\t<ul class=\"elementor-icon-list-items\">\n\t\t\t\t\t\t\t<li class=\"elementor-icon-list-item\">\n\t\t\t\t\t\t\t\t\t\t\t<span class=\"elementor-icon-list-icon\">\n\t\t\t\t\t\t\t<i aria-hidden=\"true\" class=\"fas fa-check-circle\"><\/i>\t\t\t\t\t\t<\/span>\n\t\t\t\t\t\t\t\t\t\t<span class=\"elementor-icon-list-text\">\u00c9tica nas rela\u00e7\u00f5es comerciais;<\/span>\n\t\t\t\t\t\t\t\t\t<\/li>\n\t\t\t\t\t\t\t\t<li class=\"elementor-icon-list-item\">\n\t\t\t\t\t\t\t\t\t\t\t<span class=\"elementor-icon-list-icon\">\n\t\t\t\t\t\t\t<i aria-hidden=\"true\" class=\"fas fa-check-circle\"><\/i>\t\t\t\t\t\t<\/span>\n\t\t\t\t\t\t\t\t\t\t<span class=\"elementor-icon-list-text\">Responsabilidade social;<\/span>\n\t\t\t\t\t\t\t\t\t<\/li>\n\t\t\t\t\t\t\t\t<li class=\"elementor-icon-list-item\">\n\t\t\t\t\t\t\t\t\t\t\t<span class=\"elementor-icon-list-icon\">\n\t\t\t\t\t\t\t<i aria-hidden=\"true\" class=\"fas fa-check-circle\"><\/i>\t\t\t\t\t\t<\/span>\n\t\t\t\t\t\t\t\t\t\t<span class=\"elementor-icon-list-text\">Dinamismo na execu\u00e7\u00e3o dos servi\u00e7os;<\/span>\n\t\t\t\t\t\t\t\t\t<\/li>\n\t\t\t\t\t\t\t\t<li class=\"elementor-icon-list-item\">\n\t\t\t\t\t\t\t\t\t\t\t<span class=\"elementor-icon-list-icon\">\n\t\t\t\t\t\t\t<i aria-hidden=\"true\" class=\"fas fa-check-circle\"><\/i>\t\t\t\t\t\t<\/span>\n\t\t\t\t\t\t\t\t\t\t<span class=\"elementor-icon-list-text\">Compromisso com contratos firmados;<\/span>\n\t\t\t\t\t\t\t\t\t<\/li>\n\t\t\t\t\t\t\t\t<li class=\"elementor-icon-list-item\">\n\t\t\t\t\t\t\t\t\t\t\t<span class=\"elementor-icon-list-icon\">\n\t\t\t\t\t\t\t<i aria-hidden=\"true\" class=\"fas fa-check-circle\"><\/i>\t\t\t\t\t\t<\/span>\n\t\t\t\t\t\t\t\t\t\t<span class=\"elementor-icon-list-text\">Busca cont\u00ednua por qualidade.<\/span>\n\t\t\t\t\t\t\t\t\t<\/li>\n\t\t\t\t\t\t<\/ul>\n\t\t\t\t<\/div>\n\t\t\t\t<\/div>\n\t\t\t\t\t\t<\/div>\n\t\t\t\t\t<\/div>\n\t\t<\/div>\n\t\t\t\t\t\t\t\t<\/div>\n\t\t\t\t\t<\/div>\n\t\t<\/section>\n\t\t\t\t\t\t<\/div>\n\t\t\t\t\t<\/div>\n\t\t<\/div>\n\t\t\t\t\t\t\t\t<\/div>\n\t\t\t\t\t<\/div>\n\t\t<\/section>\n\t\t\t\t\t\t<\/div>\n\t\t\t\t\t\t<\/div>\n\t\t\t\t\t<\/div>\n\t\t","protected":false},"excerpt":{"rendered":"<p>MARMOREAL NOSSA HIST\u00d3RIA &nbsp; &nbsp; &nbsp; &nbsp; &nbsp; A MARMOREAL M\u00e1rmores e Granitos iniciou suas atividades em 1999, na cidade de Soledade\/RS, atrav\u00e9s dos esfor\u00e7os de seus dois s\u00f3cios, os quais iniciaram a empresa com apenas um funcion\u00e1rio e pouco maquin\u00e1rio, apenas o necess\u00e1rio para a produ\u00e7\u00e3o em pequena escala. &nbsp; &nbsp; &nbsp; &nbsp; &nbsp; [&hellip;]<\/p>\n","protected":false},"author":1,"featured_media":0,"parent":0,"menu_order":0,"comment_status":"closed","ping_status":"closed","template":"elementor_header_footer","meta":[],"yoast_head":"<!-- This site is optimized with the Yoast SEO plugin v19.7.1 - https:\/\/yoast.com\/wordpress\/plugins\/seo\/ -->\n<title>Quem Somos - Marmoreal Soledade<\/title>\n<meta name=\"robots\" content=\"index, follow, max-snippet:-1, max-image-preview:large, max-video-preview:-1\" \/>\n<link rel=\"canonical\" href=\"http:\/\/marmorealsoledade.com.br\/?page_id=262\" \/>\n<meta property=\"og:locale\" content=\"pt_BR\" \/>\n<meta property=\"og:type\" content=\"article\" \/>\n<meta property=\"og:title\" content=\"Quem Somos - Marmoreal Soledade\" \/>\n<meta property=\"og:description\" content=\"MARMOREAL NOSSA HIST\u00d3RIA &nbsp; &nbsp; &nbsp; &nbsp; &nbsp; A MARMOREAL M\u00e1rmores e Granitos iniciou suas atividades em 1999, na cidade de Soledade\/RS, atrav\u00e9s dos esfor\u00e7os de seus dois s\u00f3cios, os quais iniciaram a empresa com apenas um funcion\u00e1rio e pouco maquin\u00e1rio, apenas o necess\u00e1rio para a produ\u00e7\u00e3o em pequena escala. &nbsp; &nbsp; &nbsp; &nbsp; &nbsp; [&hellip;]\" \/>\n<meta property=\"og:url\" content=\"http:\/\/marmorealsoledade.com.br\/?page_id=262\" \/>\n<meta property=\"og:site_name\" content=\"Marmoreal Soledade\" \/>\n<meta property=\"article:modified_time\" content=\"2023-02-26T12:47:24+00:00\" \/>\n<meta property=\"og:image\" content=\"http:\/\/marmorealsoledade.com.br\/wp-content\/uploads\/elementor\/thumbs\/target-owgafrr124a9qjboca37lchjbadorm6kgtu1ur7cw0.png\" \/>\n<meta name=\"twitter:card\" content=\"summary_large_image\" \/>\n<meta name=\"twitter:label1\" content=\"Est. tempo de leitura\" \/>\n\t<meta name=\"twitter:data1\" content=\"2 minutos\" \/>\n<script type=\"application\/ld+json\" class=\"yoast-schema-graph\">{\"@context\":\"https:\/\/schema.org\",\"@graph\":[{\"@type\":\"WebPage\",\"@id\":\"http:\/\/marmorealsoledade.com.br\/?page_id=262\",\"url\":\"http:\/\/marmorealsoledade.com.br\/?page_id=262\",\"name\":\"Quem Somos - Marmoreal Soledade\",\"isPartOf\":{\"@id\":\"https:\/\/marmorealsoledade.com.br\/#website\"},\"datePublished\":\"2020-10-05T03:55:18+00:00\",\"dateModified\":\"2023-02-26T12:47:24+00:00\",\"breadcrumb\":{\"@id\":\"http:\/\/marmorealsoledade.com.br\/?page_id=262#breadcrumb\"},\"inLanguage\":\"pt-BR\",\"potentialAction\":[{\"@type\":\"ReadAction\",\"target\":[\"http:\/\/marmorealsoledade.com.br\/?page_id=262\"]}]},{\"@type\":\"BreadcrumbList\",\"@id\":\"http:\/\/marmorealsoledade.com.br\/?page_id=262#breadcrumb\",\"itemListElement\":[{\"@type\":\"ListItem\",\"position\":1,\"name\":\"In\u00edcio\",\"item\":\"https:\/\/marmorealsoledade.com.br\/\"},{\"@type\":\"ListItem\",\"position\":2,\"name\":\"Quem Somos\"}]},{\"@type\":\"WebSite\",\"@id\":\"https:\/\/marmorealsoledade.com.br\/#website\",\"url\":\"https:\/\/marmorealsoledade.com.br\/\",\"name\":\"Marmoreal Soledade\",\"description\":\"\",\"publisher\":{\"@id\":\"https:\/\/marmorealsoledade.com.br\/#organization\"},\"potentialAction\":[{\"@type\":\"SearchAction\",\"target\":{\"@type\":\"EntryPoint\",\"urlTemplate\":\"https:\/\/marmorealsoledade.com.br\/?s={search_term_string}\"},\"query-input\":\"required name=search_term_string\"}],\"inLanguage\":\"pt-BR\"},{\"@type\":\"Organization\",\"@id\":\"https:\/\/marmorealsoledade.com.br\/#organization\",\"name\":\"Marmoreal Soledade\",\"url\":\"https:\/\/marmorealsoledade.com.br\/\",\"sameAs\":[],\"logo\":{\"@type\":\"ImageObject\",\"inLanguage\":\"pt-BR\",\"@id\":\"https:\/\/marmorealsoledade.com.br\/#\/schema\/logo\/image\/\",\"url\":\"https:\/\/marmorealsoledade.com.br\/wp-content\/uploads\/2020\/09\/marmoreal.jpg\",\"contentUrl\":\"https:\/\/marmorealsoledade.com.br\/wp-content\/uploads\/2020\/09\/marmoreal.jpg\",\"width\":316,\"height\":100,\"caption\":\"Marmoreal Soledade\"},\"image\":{\"@id\":\"https:\/\/marmorealsoledade.com.br\/#\/schema\/logo\/image\/\"}}]}<\/script>\n<!-- \/ Yoast SEO plugin. -->","yoast_head_json":{"title":"Quem Somos - Marmoreal Soledade","robots":{"index":"index","follow":"follow","max-snippet":"max-snippet:-1","max-image-preview":"max-image-preview:large","max-video-preview":"max-video-preview:-1"},"canonical":"http:\/\/marmorealsoledade.com.br\/?page_id=262","og_locale":"pt_BR","og_type":"article","og_title":"Quem Somos - Marmoreal Soledade","og_description":"MARMOREAL NOSSA HIST\u00d3RIA &nbsp; &nbsp; &nbsp; &nbsp; &nbsp; A MARMOREAL M\u00e1rmores e Granitos iniciou suas atividades em 1999, na cidade de Soledade\/RS, atrav\u00e9s dos esfor\u00e7os de seus dois s\u00f3cios, os quais iniciaram a empresa com apenas um funcion\u00e1rio e pouco maquin\u00e1rio, apenas o necess\u00e1rio para a produ\u00e7\u00e3o em pequena escala. &nbsp; &nbsp; &nbsp; &nbsp; &nbsp; [&hellip;]","og_url":"http:\/\/marmorealsoledade.com.br\/?page_id=262","og_site_name":"Marmoreal Soledade","article_modified_time":"2023-02-26T12:47:24+00:00","og_image":[{"url":"http:\/\/marmorealsoledade.com.br\/wp-content\/uploads\/elementor\/thumbs\/target-owgafrr124a9qjboca37lchjbadorm6kgtu1ur7cw0.png"}],"twitter_card":"summary_large_image","twitter_misc":{"Est. tempo de leitura":"2 minutos"},"schema":{"@context":"https:\/\/schema.org","@graph":[{"@type":"WebPage","@id":"http:\/\/marmorealsoledade.com.br\/?page_id=262","url":"http:\/\/marmorealsoledade.com.br\/?page_id=262","name":"Quem Somos - Marmoreal Soledade","isPartOf":{"@id":"https:\/\/marmorealsoledade.com.br\/#website"},"datePublished":"2020-10-05T03:55:18+00:00","dateModified":"2023-02-26T12:47:24+00:00","breadcrumb":{"@id":"http:\/\/marmorealsoledade.com.br\/?page_id=262#breadcrumb"},"inLanguage":"pt-BR","potentialAction":[{"@type":"ReadAction","target":["http:\/\/marmorealsoledade.com.br\/?page_id=262"]}]},{"@type":"BreadcrumbList","@id":"http:\/\/marmorealsoledade.com.br\/?page_id=262#breadcrumb","itemListElement":[{"@type":"ListItem","position":1,"name":"In\u00edcio","item":"https:\/\/marmorealsoledade.com.br\/"},{"@type":"ListItem","position":2,"name":"Quem Somos"}]},{"@type":"WebSite","@id":"https:\/\/marmorealsoledade.com.br\/#website","url":"https:\/\/marmorealsoledade.com.br\/","name":"Marmoreal Soledade","description":"","publisher":{"@id":"https:\/\/marmorealsoledade.com.br\/#organization"},"potentialAction":[{"@type":"SearchAction","target":{"@type":"EntryPoint","urlTemplate":"https:\/\/marmorealsoledade.com.br\/?s={search_term_string}"},"query-input":"required name=search_term_string"}],"inLanguage":"pt-BR"},{"@type":"Organization","@id":"https:\/\/marmorealsoledade.com.br\/#organization","name":"Marmoreal Soledade","url":"https:\/\/marmorealsoledade.com.br\/","sameAs":[],"logo":{"@type":"ImageObject","inLanguage":"pt-BR","@id":"https:\/\/marmorealsoledade.com.br\/#\/schema\/logo\/image\/","url":"https:\/\/marmorealsoledade.com.br\/wp-content\/uploads\/2020\/09\/marmoreal.jpg","contentUrl":"https:\/\/marmorealsoledade.com.br\/wp-content\/uploads\/2020\/09\/marmoreal.jpg","width":316,"height":100,"caption":"Marmoreal Soledade"},"image":{"@id":"https:\/\/marmorealsoledade.com.br\/#\/schema\/logo\/image\/"}}]}},"_links":{"self":[{"href":"https:\/\/marmorealsoledade.com.br\/index.php?rest_route=\/wp\/v2\/pages\/262"}],"collection":[{"href":"https:\/\/marmorealsoledade.com.br\/index.php?rest_route=\/wp\/v2\/pages"}],"about":[{"href":"https:\/\/marmorealsoledade.com.br\/index.php?rest_route=\/wp\/v2\/types\/page"}],"author":[{"embeddable":true,"href":"https:\/\/marmorealsoledade.com.br\/index.php?rest_route=\/wp\/v2\/users\/1"}],"replies":[{"embeddable":true,"href":"https:\/\/marmorealsoledade.com.br\/index.php?rest_route=%2Fwp%2Fv2%2Fcomments&post=262"}],"version-history":[{"count":14,"href":"https:\/\/marmorealsoledade.com.br\/index.php?rest_route=\/wp\/v2\/pages\/262\/revisions"}],"predecessor-version":[{"id":8749,"href":"https:\/\/marmorealsoledade.com.br\/index.php?rest_route=\/wp\/v2\/pages\/262\/revisions\/8749"}],"wp:attachment":[{"href":"https:\/\/marmorealsoledade.com.br\/index.php?rest_route=%2Fwp%2Fv2%2Fmedia&parent=262"}],"curies":[{"name":"wp","href":"https:\/\/api.w.org\/{rel}","templated":true}]}}